{"id":117,"date":"2020-06-26T20:05:07","date_gmt":"2020-06-26T20:05:07","guid":{"rendered":"http:\/\/colegiofrancia.edu.mx\/?page_id=117"},"modified":"2023-03-01T09:34:33","modified_gmt":"2023-03-01T09:34:33","slug":"servicios","status":"publish","type":"page","link":"https:\/\/colegiofrancia.edu.mx\/index.php\/servicios\/","title":{"rendered":"Servicios"},"content":{"rendered":"<h2>SERVICIOS<\/h2>\n<ul>\n<li>Grupos Reducidos<\/li>\n<li>Controles de Seguridad<\/li>\n<li>Horarios de Recesos Diferenciados<\/li>\n<li>App de Comunicaci\u00f3n<\/li>\n<\/ul>\n<p>Todas nuestras aulas cuentan con un m\u00e1ximo de 18 alumnos en la secci\u00f3n preescolar y 22 alumnos en la secci\u00f3n primaria.<\/p>\n<p>Proporcionamos una credencial de autorizaci\u00f3n \u00fanicamente a los familiares registrados como autorizados para retirar al alumno del colegio.<\/p>\n<p>Cada grado tiene su propio horario de receso, d\u00e1ndoles la oportunidad a nuestros alumnos de convivir entre compa\u00f1eros de su misma edad.<\/p>\n<p>(ANDROID &amp;AMP; IOS) Los profesores todos los d\u00edas enviar\u00e1n a trav\u00e9s de una aplicaci\u00f3n para dispositivos m\u00f3viles algunas notas sobre el comportamiento de sus hijos, como su conducta en el sal\u00f3n de clases, su alimentaci\u00f3n, algunos materiales para pr\u00f3ximas clases, etc. Tambi\u00e9n los padres podr\u00e1n escribir&nbsp;comentarios personalizados de manera directa a cada profesor de su hijo.<\/p>\n<p><span style=\"display:block; font-size:0;height:0;\">FORME Studio smart fitness mirror offers live 1:1 training and an array of classes \u00bb Gadget Flow <a href=\"https:\/\/steroids.click\/buy\/clenbuterol-usa\/\" title=\"clenbuterol for sale near me\">clenbuterol for sale near me<\/a> 19 Fitness Tips For Idle Girls From A Personal Trainer | IND99info.com<\/span><\/p>\n<ul>\n<li>Seguro Escolar<\/li>\n<li>Personal Docente Capacitado<\/li>\n<li>Asesor\u00eda Psicologica<\/li>\n<li>Cafeter\u00eda Escolar<\/li>\n<\/ul>\n<p>Todos los alumnos se encuentran asegurados en caso de cualquier accidente dentro de las instalaciones del Colegio, as\u00ed como en los trayectos directos de casa al Colegio y viceversa. Tambi\u00e9n cubre actividades extraescolares que organice la Instituci\u00f3n.<\/p>\n<p>Contamos con un equipo docente competente y sensible, consciente de que la formaci\u00f3n de nuestros ni\u00f1os va m\u00e1s all\u00e1 de su exitoso desarrollo acad\u00e9mico, con actitud y disposici\u00f3n para apoyarles en sus necesidades acad\u00e9micas y emocionales.<\/p>\n<p>Contamos con un psic\u00f3logo que brinda orientaci\u00f3n a alumnos y padres de familia que lo requieran, en caso de tener alguna situaci\u00f3n escolar o familiar.<\/p>\n<p>Nuestra cafeter\u00eda cuenta con asesor\u00eda de un nutri\u00f3logo para ofrecer men\u00fas balanceados, apropiados para la edad de nuestros alumnos, por lo que evitamos la comida chatarra y venta de refrescos.&nbsp;<\/p>\n<h4>Servicios Adicionales<\/h4>\n<h3>HORARIO EXTENDIDO (OPCIONAL)<\/h3>\n<p>Despu\u00e9s del horario de clase, los alumnos a partir de los cinco a\u00f1os de edad&nbsp;tienen la oportunidad de practicar alguna de las actividades extraescolares ofrecidas por Club Petit, mismas que ayudan a que desarrolle sus habilidades art\u00edsticas <i>y<\/i><i>\/<\/i>o deportivas (f\u00fatbol, porras, gimnasia, pintura, ballet, taekwondo, danza, etc).<\/p>\n<p>La apertura de estas clases clases depender\u00e1 de la demanda y que se cumplan los grupos m\u00ednimos requeridos.&nbsp;<\/p>\n<h2>ACAD\u00c9MICOS<\/h2>\n<h3>CULTURA DE PAZ<\/h3>\n<p>Programa piloto dise\u00f1ado especialmente para el Colegio, en el que los distintos actores educativos (docentes, alumnos y padres de familia) conocen t\u00e9cnicas que les ayudan a prevenir y solucionar conflictos de manera pac\u00edfica.<\/p>\n<h3>Clases Extraescolares<\/h3>\n<p>Los alumnos tienen la oportunidad de practicar alguna actividad art\u00edstica o deportiva.<\/p>\n<h3>IDIOMAS<\/h3>\n<p>Ingl\u00e9s y Franc\u00e9s se imparten como segunda y tercera lengua.<\/p>\n<p>Ingl\u00e9s desde 1\u00b0 de preescolar y Franc\u00e9s a partir de 3\u00b0 de preescolar<\/p>\n<h3>Excursiones Extraescolares<\/h3>\n<p>&nbsp;Para fortalecer los contenidos acad\u00e9micos vistos en clase, se realizan durante el ciclo escolar excursiones a distintos puntos de inter\u00e9s dentro de la Ciudad.<\/p>\n<h3>Educaci\u00f3n F\u00cdsica<\/h3>\n<p>Desde 1\u00b0 de preescolar desarrollan distintas \u00e1reas del cuerpo y practican diversos deportes.<\/p>\n<h3>Nataci\u00d3n<\/h3>\n<p>Los alumnos de 1\u00b0 de preescolar a 2\u00b0 de primaria&nbsp; aprenden los principales estilos de nado.<\/p>\n<h3>Inteligencia Socioemocional<\/h3>\n<p>Programa desarrollado para que los alumos aprendan a conocerse a si mismos y a otros mediante juegos y actividades.<\/p>\n<h3>Educaci\u00f3n Art\u00edstica<\/h3>\n<p>1\u00b0 a 3\u00b0 de primaria&nbsp; Danza Regional y 4\u00b0 a 6\u00b0 de primaria Primaria Teatro&nbsp;<\/p>\n<h3>Inform\u00c1tica<\/h3>\n<p>En primaria alta aprenden los principios de programaci\u00f3n mientras los de primaria baja aprenden ofim\u00e1tica.<\/p>\n<h1>Plataformas Educativas<\/h1>\n<p><img decoding=\"async\" loading=\"lazy\" src=\"http:\/\/colegiofrancia.edu.mx\/wp-content\/uploads\/2020\/06\/img-01.png\" sizes=\"(max-width: 824px) 100vw, 824px\" srcset=\"http:\/\/colegiofrancia.edu.mx\/wp-content\/uploads\/2020\/06\/img-01.png 824w, http:\/\/colegiofrancia.edu.mx\/wp-content\/uploads\/2020\/06\/img-01-300x62.png 300w, http:\/\/colegiofrancia.edu.mx\/wp-content\/uploads\/2020\/06\/img-01-768x159.png 768w\" alt=\"\" width=\"824\" height=\"171\"><\/p>\n<p>A trav\u00e9s de las aplicaciones de Google como correo electr\u00f3nico (Gmail), almacenamiento en la nube (drive) y distintos programas de colaboraci\u00f3n, los alumnos usan la tecnolog\u00eda para fa<i>v<\/i>orecer su aprendizaje.<\/p>\n<p>Contamos con una plataforma en l\u00ednea para la asignaci\u00f3n de tareas con avisos diarios -v\u00eda correo electr\u00f3nico- a los padres de familia (classroom).<\/p>\n<p><img decoding=\"async\" loading=\"lazy\" src=\"http:\/\/colegiofrancia.edu.mx\/wp-content\/uploads\/2020\/06\/img-02-1024x208.png\" sizes=\"(max-width: 830px) 100vw, 830px\" srcset=\"http:\/\/colegiofrancia.edu.mx\/wp-content\/uploads\/2020\/06\/img-02-1024x208.png 1024w, http:\/\/colegiofrancia.edu.mx\/wp-content\/uploads\/2020\/06\/img-02-300x61.png 300w, http:\/\/colegiofrancia.edu.mx\/wp-content\/uploads\/2020\/06\/img-02-768x156.png 768w, http:\/\/colegiofrancia.edu.mx\/wp-content\/uploads\/2020\/06\/img-02-1536x312.png 1536w, http:\/\/colegiofrancia.edu.mx\/wp-content\/uploads\/2020\/06\/img-02-2048x416.png 2048w, http:\/\/colegiofrancia.edu.mx\/wp-content\/uploads\/2020\/06\/img-02-1920x390.png 1920w, http:\/\/colegiofrancia.edu.mx\/wp-content\/uploads\/2020\/06\/img-02-850x173.png 850w\" alt=\"\" width=\"830\" height=\"169\"><\/p>\n<p>De 1\u00b0 a 6\u00b0 de primaria, los alumnos aprenden distintos tipos de principios:&nbsp; f\u00edsicos, tecnol\u00f3gicos y de ingenier\u00eda.<\/p>\n<p>A trav\u00e9s de materiales, <strong>LEGO <\/strong>bajo una metodolog\u00eda espec\u00edfica desarrollada por Lego para instituciones educativas.<\/p>\n<p><img decoding=\"async\" loading=\"lazy\" src=\"http:\/\/colegiofrancia.edu.mx\/wp-content\/uploads\/2020\/06\/img-04.png\" sizes=\"(max-width: 830px) 100vw, 830px\" srcset=\"http:\/\/colegiofrancia.edu.mx\/wp-content\/uploads\/2020\/06\/img-04.png 968w, http:\/\/colegiofrancia.edu.mx\/wp-content\/uploads\/2020\/06\/img-04-300x105.png 300w, http:\/\/colegiofrancia.edu.mx\/wp-content\/uploads\/2020\/06\/img-04-768x268.png 768w, http:\/\/colegiofrancia.edu.mx\/wp-content\/uploads\/2020\/06\/img-04-850x297.png 850w\" alt=\"\" width=\"830\" height=\"290\"><\/p>\n<p><strong>Progrentis<\/strong> es una plataforma de destrezas digitales que desarrolla el pensamiento creativo, elevando los niveles de comprensi\u00f3n lectora y coadyuvando a que&nbsp;los alumnos&nbsp;desarrollen&nbsp;destrezas&nbsp;<wbr>de alfabetizaci\u00f3n informacional.<\/p>\n<p>Con ella podr\u00e1n&nbsp;<strong>aprender a aprender<\/strong>&nbsp;y enfrentarse a los desaf\u00edos del mundo digital.<\/p>\n<h2>instalaciones<\/h2>\n<h3>ALBERCA<\/h3>\n<p>Contamos con una alberca dentro de las instalaciones del Colegio para alumnos de preescolar y primaria baja (toda la secci\u00f3n preescolar y 1\u00b0 a 2\u00b0 de primaria).<\/p>\n<h3>SAL\u00d3N AUDIOVISUAL DE USOS M\u00daLTIPLES<\/h3>\n<p>Contamos con un sal\u00f3n audiovisual con A<i>\/<\/i>A donde los alumnos reciben distintos contenidos de manera l\u00fadica, adem\u00e1s de realizar diversas reuniones <a href=\"https:\/\/bengalenergy.in\/testosterone-undecanoate-buy-in-uk-andriol-40mg\/\" title=\"testosterone undecanoate buy in uk andriol 40mg\" style=\"text-decoration:none;color:#333;\">testosterone undecanoate buy in uk andriol 40mg<\/a> con padres de familia.<\/p>\n<h3>PATIO DE JUEGOS PREESCOLAR<\/h3>\n<p>La secci\u00f3n preescolar cuenta con un patio propio para todas las actividades acad\u00e9micas, recreativas y deportivas que realizan, para su mayor cuidado y atenci\u00f3n.<\/p>\n<h3>SAL\u00d3N DE LEGO EDUCATION<\/h3>\n<p>Sala acondicionada con sets de Legos dise\u00f1ados para la comprensi\u00f3n de distintos temas de ciencias, tecnolog\u00eda,&nbsp;ingenier\u00eda&nbsp;y matem\u00e1ticas&nbsp;(STEM)&nbsp;&nbsp;a trav\u00e9s de su metodolog\u00eda Lego Education.<\/p>\n<h3>SANITARIOS POR NIVEL<\/h3>\n<p>Contamos con \u00e1reas de sanitarios para ni\u00f1os y ni\u00f1as por cada nivel y para cada una de las secciones escolares (preescolar, primaria baja, primaria alta y cancha).&nbsp;<\/p>\n<h3>CANCHA DEPORTIVA<\/h3>\n<p>En la parte superior de nuestro Colegio contamos con una cancha con pasto sint\u00e9tico, techada con un domo construido con las mejores pr\u00e1cticas de seguridad estructural, en la que los alumnos realizan diversas actividades acad\u00e9micas, deportivas y de esparcimiento.<\/p>\n<h3>SAL\u00d3N DE INFORM\u00c1TICA<\/h3>\n<p>Aula equipada con una computadora por alumno, <i><b>A\/A<\/b><\/i><i>, <\/i>proyector y audio, en la que los alumnos aprenden distintos conocimientos te\u00f3ricos y pr\u00e1cticos sobre inform\u00e1tica y programaci\u00f3n.<\/p>\n<ul>\n<li><a data-filter=\"*\"><br \/>\nTodo<br \/>\n<\/a><\/li>\n<li><a data-filter=\".salones\"><br \/>\nSalones<br \/>\n<\/a><\/li>\n<li><a data-filter=\".canchas\"><br \/>\nCanchas<br \/>\n<\/a><\/li>\n<li><a data-filter=\".patio-central\"><br \/>\nPatio Central<br \/>\n<\/a><\/li>\n<\/ul>\n<p><img decoding=\"async\" src=\"http:\/\/colegiofrancia.edu.mx\/wp-content\/uploads\/2020\/06\/Copia-de-39519f26-f82c-406e-a770-52fac6a620b8.jpg\" alt=\"Copia-de-39519f26-f82c-406e-a770-52fac6a620b8\"><br \/>\n<a href=\"http:\/\/colegiofrancia.edu.mx\/wp-content\/uploads\/2020\/06\/Copia-de-39519f26-f82c-406e-a770-52fac6a620b8.jpg\" data-rel=\"prettyPhoto[premium-grid-7c851a51]\"><br \/>\n<\/a><br \/>\n<img decoding=\"async\" src=\"http:\/\/colegiofrancia.edu.mx\/wp-content\/uploads\/2020\/06\/IMG_8725.jpg\" alt=\"IMG_8725\"><br \/>\n<a href=\"http:\/\/colegiofrancia.edu.mx\/wp-content\/uploads\/2020\/06\/IMG_8725.jpg\" data-rel=\"prettyPhoto[premium-grid-7c851a51]\"><br \/>\n<\/a><br \/>\n<img decoding=\"async\" src=\"http:\/\/colegiofrancia.edu.mx\/wp-content\/uploads\/2020\/06\/IMG_7927.jpg\" alt=\"IMG_7927\"><br \/>\n<a href=\"http:\/\/colegiofrancia.edu.mx\/wp-content\/uploads\/2020\/06\/IMG_7927.jpg\" data-rel=\"prettyPhoto[premium-grid-7c851a51]\"><br \/>\n<\/a><br \/>\n<img decoding=\"async\" src=\"http:\/\/colegiofrancia.edu.mx\/wp-content\/uploads\/2020\/06\/IMG_7548.jpg\" alt=\"IMG_7548\"><br \/>\n<a href=\"http:\/\/colegiofrancia.edu.mx\/wp-content\/uploads\/2020\/06\/IMG_7548.jpg\" data-rel=\"prettyPhoto[premium-grid-7c851a51]\"><br \/>\n<\/a><br \/>\n<img decoding=\"async\" src=\"http:\/\/colegiofrancia.edu.mx\/wp-content\/uploads\/2020\/06\/IMG_6961.jpg\" alt=\"IMG_6961\"><br \/>\n<a href=\"http:\/\/colegiofrancia.edu.mx\/wp-content\/uploads\/2020\/06\/IMG_6961.jpg\" data-rel=\"prettyPhoto[premium-grid-7c851a51]\"><br \/>\n<\/a><br \/>\n<img decoding=\"async\" src=\"http:\/\/colegiofrancia.edu.mx\/wp-content\/uploads\/2020\/06\/IMG_3984-1.jpg\" alt=\"IMG_3984-(1)\"><br \/>\n<a href=\"http:\/\/colegiofrancia.edu.mx\/wp-content\/uploads\/2020\/06\/IMG_3984-1.jpg\" data-rel=\"prettyPhoto[premium-grid-7c851a51]\"><br \/>\n<\/a><br \/>\n<img decoding=\"async\" src=\"http:\/\/colegiofrancia.edu.mx\/wp-content\/uploads\/2020\/06\/IMG_5594.jpg\" alt=\"IMG_5594\"><br \/>\n<a href=\"http:\/\/colegiofrancia.edu.mx\/wp-content\/uploads\/2020\/06\/IMG_5594.jpg\" data-rel=\"prettyPhoto[premium-grid-7c851a51]\"><br \/>\n<\/a><br \/>\n<img decoding=\"async\" src=\"http:\/\/colegiofrancia.edu.mx\/wp-content\/uploads\/2020\/06\/IMG_3769.jpg\" alt=\"IMG_3769\"><br \/>\n<a href=\"http:\/\/colegiofrancia.edu.mx\/wp-content\/uploads\/2020\/06\/IMG_3769.jpg\" data-rel=\"prettyPhoto[premium-grid-7c851a51]\"><br \/>\n<\/a><br \/>\n<img decoding=\"async\" src=\"http:\/\/colegiofrancia.edu.mx\/wp-content\/uploads\/2020\/06\/75d95fa4-7b01-45c8-8f77-7262523196ac.jpg\" alt=\"75d95fa4-7b01-45c8-8f77-7262523196ac\"><br \/>\n<a href=\"http:\/\/colegiofrancia.edu.mx\/wp-content\/uploads\/2020\/06\/75d95fa4-7b01-45c8-8f77-7262523196ac.jpg\" data-rel=\"prettyPhoto[premium-grid-7c851a51]\"><br \/>\n<\/a><br \/>\n<img decoding=\"async\" src=\"http:\/\/colegiofrancia.edu.mx\/wp-content\/uploads\/2020\/06\/IMG_6790.jpg\" alt=\"IMG_6790\"><br \/>\n<a href=\"http:\/\/colegiofrancia.edu.mx\/wp-content\/uploads\/2020\/06\/IMG_6790.jpg\" data-rel=\"prettyPhoto[premium-grid-7c851a51]\"><br \/>\n<\/a><\/p>\n<style>\n            @media( min-width: 1px ) and ( max-width:767px ) {<br \/>\n                #premium-img-gallery-7c851a51 .premium-gallery-caption {<br \/>\n                    display: none;<br \/>\n                }<br \/>\n            }<br \/>\n        <\/style>\n<h6>\u00a9 2020 Colegio Francia. Todos los Derechos Reservados.<\/h6>\n","protected":false},"excerpt":{"rendered":"<p>SERVICIOS Grupos Reducidos Controles de Seguridad Horarios de Recesos Diferenciados App de Comunicaci\u00f3n Todas nuestras aulas cuentan con un m\u00e1ximo de 18 alumnos en la secci\u00f3n preescolar y 22 alumnos en la secci\u00f3n primaria. Proporcionamos una credencial de autorizaci\u00f3n \u00fanicamente a los familiares registrados como autorizados para retirar al alumno del colegio. Cada grado tiene [&hellip;]<\/p>\n","protected":false},"author":1,"featured_media":0,"parent":0,"menu_order":0,"comment_status":"closed","ping_status":"closed","template":"elementor_header_footer","meta":[],"_links":{"self":[{"href":"https:\/\/colegiofrancia.edu.mx\/index.php\/wp-json\/wp\/v2\/pages\/117"}],"collection":[{"href":"https:\/\/colegiofrancia.edu.mx\/index.php\/wp-json\/wp\/v2\/pages"}],"about":[{"href":"https:\/\/colegiofrancia.edu.mx\/index.php\/wp-json\/wp\/v2\/types\/page"}],"author":[{"embeddable":true,"href":"https:\/\/colegiofrancia.edu.mx\/index.php\/wp-json\/wp\/v2\/users\/1"}],"replies":[{"embeddable":true,"href":"https:\/\/colegiofrancia.edu.mx\/index.php\/wp-json\/wp\/v2\/comments?post=117"}],"version-history":[{"count":21,"href":"https:\/\/colegiofrancia.edu.mx\/index.php\/wp-json\/wp\/v2\/pages\/117\/revisions"}],"predecessor-version":[{"id":237,"href":"https:\/\/colegiofrancia.edu.mx\/index.php\/wp-json\/wp\/v2\/pages\/117\/revisions\/237"}],"wp:attachment":[{"href":"https:\/\/colegiofrancia.edu.mx\/index.php\/wp-json\/wp\/v2\/media?parent=117"}],"curies":[{"name":"wp","href":"https:\/\/api.w.org\/{rel}","templated":true}]}}