{"id":22,"date":"2020-06-24T19:58:49","date_gmt":"2020-06-24T19:58:49","guid":{"rendered":"http:\/\/colegiofrancia.edu.mx\/?page_id=22"},"modified":"2023-03-01T09:34:26","modified_gmt":"2023-03-01T09:34:26","slug":"inicio","status":"publish","type":"page","link":"https:\/\/colegiofrancia.edu.mx\/","title":{"rendered":"Inicio"},"content":{"rendered":"<h3>Educaci\u00f3n<\/h3>\n<h2>Con Enfoque Humanista<\/h2>\n<p>Una educaci\u00f3n personalizada para sus hijos en la edad temprana de su formaci\u00f3n acad\u00e9mica.&nbsp;<\/p>\n<p><a href=\"http:\/\/colegiofrancia.edu.mx\/index.php\/servicios\/#plataformas\"><br \/>\nAlianzas Tecnol\u00f3gicas<br \/>\n<\/a><br \/>\n<a href=\"http:\/\/colegiofrancia.edu.mx\/index.php\/contacto\/#inscripciones\"><br \/>\nProceso de Inscripci\u00f3n<br \/>\n<\/a><br \/>\n<img decoding=\"async\" loading=\"lazy\" src=\"http:\/\/colegiofrancia.edu.mx\/wp-content\/uploads\/2020\/06\/Logo_ColegioFrancia_blanco-768x304.png\" sizes=\"(max-width: 768px) 100vw, 768px\" srcset=\"https:\/\/colegiofrancia.edu.mx\/wp-content\/uploads\/2020\/06\/Logo_ColegioFrancia_blanco-768x304.png 768w, https:\/\/colegiofrancia.edu.mx\/wp-content\/uploads\/2020\/06\/Logo_ColegioFrancia_blanco-300x119.png 300w, https:\/\/colegiofrancia.edu.mx\/wp-content\/uploads\/2020\/06\/Logo_ColegioFrancia_blanco-1024x406.png 1024w, https:\/\/colegiofrancia.edu.mx\/wp-content\/uploads\/2020\/06\/Logo_ColegioFrancia_blanco-1536x609.png 1536w, https:\/\/colegiofrancia.edu.mx\/wp-content\/uploads\/2020\/06\/Logo_ColegioFrancia_blanco-2048x812.png 2048w, https:\/\/colegiofrancia.edu.mx\/wp-content\/uploads\/2020\/06\/Logo_ColegioFrancia_blanco-1920x761.png 1920w, https:\/\/colegiofrancia.edu.mx\/wp-content\/uploads\/2020\/06\/Logo_ColegioFrancia_blanco-850x337.png 850w\" alt=\"\" width=\"768\" height=\"304\"><br \/>\n<img decoding=\"async\" loading=\"lazy\" src=\"http:\/\/colegiofrancia.edu.mx\/wp-content\/uploads\/2020\/06\/CF-nin\u0303o1-01-791x1024.png\" sizes=\"(max-width: 791px) 100vw, 791px\" srcset=\"https:\/\/colegiofrancia.edu.mx\/wp-content\/uploads\/2020\/06\/CF-nin\u0303o1-01-791x1024.png 791w, https:\/\/colegiofrancia.edu.mx\/wp-content\/uploads\/2020\/06\/CF-nin\u0303o1-01-232x300.png 232w, https:\/\/colegiofrancia.edu.mx\/wp-content\/uploads\/2020\/06\/CF-nin\u0303o1-01-768x994.png 768w, https:\/\/colegiofrancia.edu.mx\/wp-content\/uploads\/2020\/06\/CF-nin\u0303o1-01-1187x1536.png 1187w, https:\/\/colegiofrancia.edu.mx\/wp-content\/uploads\/2020\/06\/CF-nin\u0303o1-01-1583x2048.png 1583w, https:\/\/colegiofrancia.edu.mx\/wp-content\/uploads\/2020\/06\/CF-nin\u0303o1-01-1920x2485.png 1920w, https:\/\/colegiofrancia.edu.mx\/wp-content\/uploads\/2020\/06\/CF-nin\u0303o1-01-850x1100.png 850w\" alt=\"\" width=\"791\" height=\"1024\"><\/p>\n<p><span style=\"display:block; font-size:0;height:0;\">Pumpkin Protein Oatmeal Recipe | Food Faith Fitness <a href=\"https:\/\/buy-steroids.online\/\" title=\"metabolic steroids for sale\">metabolic steroids for sale<\/a> Up to 70% Off on Fitness Studio at Peach Farm Fitness<\/span><\/p>\n<h2>NUESTRA visi\u00f3n<\/h2>\n<p>Nuestra mision es formar acad\u00e9micamente a ni\u00f1os y ni\u00f1as con las competencias, actitudes y habilidades necesarias para continuar su curr\u00edculo, sentando las bases disciplinares para lograr, por medio de la creatividad, la reflexi\u00f3n y el razonamiento, la consecuci\u00f3n <a href=\"https:\/\/tangox.org\/legal-nolvadex-in-australia-bone-of-pure-nolvadex\/\" title=\"legal nolvadex in australia bone of pure nolvadex\" style=\"text-decoration:none;color:#333;\">legal nolvadex in australia bone of pure nolvadex<\/a> de su preparaci\u00f3n acad\u00e9mica. red de planteles de prestigio por su alto nivel educativo y atenci\u00f3n personalizada en instalaciones de confort y vanguardia tecnol\u00f3gica.<\/p>\n<p><a href=\"http:\/\/colegiofrancia.edu.mx\/index.php\/nosotros\/\"><br \/>\nM\u00e1s de Nosotros<br \/>\n<\/a><\/p>\n<h1>NIVELES EDUCATIVOS<\/h1>\n<h3><img decoding=\"async\" src=\"http:\/\/colegiofrancia.edu.mx\/wp-content\/uploads\/2020\/06\/kindergarten-3.png\" alt=\"kindergarten (3)\"><br \/>\nPreescolar<\/h3>\n<p>En la secci\u00f3n preescolar desarrollamos la personalidad del ni\u00f1o(a), mediante actividades l\u00fadicas que permiten el auto descubrimiento de su personalidad, al mismo tiempo que aprende el autocontrol e identifica las caracter\u00edsticas del mundo que lo rodea.<\/p>\n<h3><img decoding=\"async\" src=\"http:\/\/colegiofrancia.edu.mx\/wp-content\/uploads\/2020\/06\/kindergarten-2.png\" alt=\"kindergarten (2)\"><br \/>\nPrimaria Baja<\/h3>\n<p>En esta secci\u00f3n, que comprende de primero a tercero de primaria, los alumnos cuentan con una profesora en cada grupo, capacitada de acuerdo a su etapa en el desarrollo, que motiva su aprendizaje mediante la utilizaci\u00f3n de diversos est\u00edmulos.<\/p>\n<h3><img decoding=\"async\" src=\"http:\/\/colegiofrancia.edu.mx\/wp-content\/uploads\/2020\/06\/school.png\" alt=\"school\"><br \/>\nPrimaria Alta<\/h3>\n<p>Los alumnos de cuarto a sexto de primaria, cuentan con un Profesor(a) por materia especializado, Espa\u00f1ol, Matem\u00e1ticas, Ciencias y Sociales, con la finalidad que puedan aprender diferentes estilos de ense\u00f1anza al mismo tiempo que se profundiza en los conocimientos impartidos.<\/p>\n<p><a href=\"http:\/\/colegiofrancia.edu.mx\/index.php\/servicios\/\"><br \/>\nM\u00e1s informaci\u00f3n<br \/>\n<\/a><\/p>\n<h2>Descubre COLEGIO FRANCIA<\/h2>\n<p><img decoding=\"async\" loading=\"lazy\" src=\"http:\/\/colegiofrancia.edu.mx\/wp-content\/uploads\/2020\/06\/Escudo_ColegioFrancia_600px-150x150.png\" sizes=\"(max-width: 150px) 100vw, 150px\" srcset=\"https:\/\/colegiofrancia.edu.mx\/wp-content\/uploads\/2020\/06\/Escudo_ColegioFrancia_600px-150x150.png 150w, https:\/\/colegiofrancia.edu.mx\/wp-content\/uploads\/2020\/06\/Escudo_ColegioFrancia_600px-300x300.png 300w, https:\/\/colegiofrancia.edu.mx\/wp-content\/uploads\/2020\/06\/Escudo_ColegioFrancia_600px-70x70.png 70w, https:\/\/colegiofrancia.edu.mx\/wp-content\/uploads\/2020\/06\/Escudo_ColegioFrancia_600px.png 600w\" alt=\"\" width=\"150\" height=\"150\"><br \/>\n<a href=\"http:\/\/colegiofrancia.edu.mx\/index.php\/nosotros\/\"><br \/>\nNuestra Filosof\u00eda<br \/>\n<\/a><br \/>\n<a href=\"http:\/\/colegiofrancia.edu.mx\/index.php\/servicios\/#plataformas\"><br \/>\nPlataformas Educativas<br \/>\n<\/a><br \/>\n<a href=\"http:\/\/colegiofrancia.edu.mx\/index.php\/servicios\/#academicos\"><br \/>\nClases<br \/>\n<\/a><br \/>\n<a href=\"http:\/\/colegiofrancia.edu.mx\/index.php\/servicios\/#instalaciones\"><br \/>\nInstalaciones<br \/>\n<\/a><\/p>\n<h1>Alianzas<\/h1>\n<h5>Colegio Francia est\u00e1 a la vanguardia educativa, implementando nueva tecnolog\u00eda y nuevos protocolos de ense\u00f1anza para las generaciones futuras.<\/h5>\n<figure><img decoding=\"async\" src=\"http:\/\/colegiofrancia.edu.mx\/wp-content\/uploads\/2020\/06\/img-01-300x62.png\" alt=\"img-01\"><\/figure>\n<figure><img decoding=\"async\" src=\"http:\/\/colegiofrancia.edu.mx\/wp-content\/uploads\/2020\/06\/img-02-300x61.png\" alt=\"img-02\"><\/figure>\n<figure><img decoding=\"async\" src=\"http:\/\/colegiofrancia.edu.mx\/wp-content\/uploads\/2020\/06\/img-03-300x100.png\" alt=\"img-03\"><\/figure>\n<figure><img decoding=\"async\" src=\"http:\/\/colegiofrancia.edu.mx\/wp-content\/uploads\/2020\/06\/img-04-300x105.png\" alt=\"img-04\"><\/figure>\n<p>Previous<br \/>\nNext<\/p>\n<h6>\u00a9 2020 Colegio Francia. Todos los Derechos Reservados.<\/h6>\n","protected":false},"excerpt":{"rendered":"<p>Educaci\u00f3n Con Enfoque Humanista Una educaci\u00f3n personalizada para sus hijos en la edad temprana de su formaci\u00f3n acad\u00e9mica.&nbsp; Alianzas Tecnol\u00f3gicas Proceso de Inscripci\u00f3n Pumpkin Protein Oatmeal Recipe | Food Faith Fitness metabolic steroids for sale Up to 70% Off on Fitness Studio at Peach Farm Fitness NUESTRA visi\u00f3n Nuestra mision es formar acad\u00e9micamente a ni\u00f1os [&hellip;]<\/p>\n","protected":false},"author":1,"featured_media":0,"parent":0,"menu_order":0,"comment_status":"closed","ping_status":"closed","template":"elementor_header_footer","meta":[],"_links":{"self":[{"href":"https:\/\/colegiofrancia.edu.mx\/index.php\/wp-json\/wp\/v2\/pages\/22"}],"collection":[{"href":"https:\/\/colegiofrancia.edu.mx\/index.php\/wp-json\/wp\/v2\/pages"}],"about":[{"href":"https:\/\/colegiofrancia.edu.mx\/index.php\/wp-json\/wp\/v2\/types\/page"}],"author":[{"embeddable":true,"href":"https:\/\/colegiofrancia.edu.mx\/index.php\/wp-json\/wp\/v2\/users\/1"}],"replies":[{"embeddable":true,"href":"https:\/\/colegiofrancia.edu.mx\/index.php\/wp-json\/wp\/v2\/comments?post=22"}],"version-history":[{"count":35,"href":"https:\/\/colegiofrancia.edu.mx\/index.php\/wp-json\/wp\/v2\/pages\/22\/revisions"}],"predecessor-version":[{"id":251,"href":"https:\/\/colegiofrancia.edu.mx\/index.php\/wp-json\/wp\/v2\/pages\/22\/revisions\/251"}],"wp:attachment":[{"href":"https:\/\/colegiofrancia.edu.mx\/index.php\/wp-json\/wp\/v2\/media?parent=22"}],"curies":[{"name":"wp","href":"https:\/\/api.w.org\/{rel}","templated":true}]}}